{"id":377,"date":"2016-01-07T04:23:21","date_gmt":"2016-01-07T04:23:21","guid":{"rendered":"http:\/\/consulting.stylemixthemes.com\/demo\/?page_id=377"},"modified":"2024-09-24T21:33:42","modified_gmt":"2024-09-24T19:33:42","slug":"company-history","status":"publish","type":"page","link":"https:\/\/www.i-t-s.be\/index.php\/company-overview\/company-history\/","title":{"rendered":"Notre mission &#8211; Nos valeurs"},"content":{"rendered":"<div class=\"wpb-content-wrapper\"><p>[vc_row css=&#8221;.vc_custom_1451991003825{margin-top: 30px !important;margin-bottom: 100px !important;}&#8221;][vc_column width=&#8221;3\/4&#8243;][vc_column_text css=&#8221;.vc_custom_1724007323403{margin-bottom: 50px !important;}&#8221;]<\/p>\n<h2>Notre vision<\/h2>\n<p>La performance des \u00e9quipements optimalis\u00e9e tant en termes de maintenance que de productivit\u00e9 au travers du d\u00e9veloppement de la compr\u00e9hension des syst\u00e8mes, de la mont\u00e9e en comp\u00e9tence du personnel et des nouvelles technologies.[\/vc_column_text][vc_column_text css=&#8221;.vc_custom_1726419481034{margin-bottom: 50px !important;}&#8221;]<\/p>\n<h2>Notre mission<\/h2>\n<p>Nous nous donnons pour mission de devenir votre partenaire privil\u00e9gi\u00e9 dans l\u2019entretien et l\u2019optimisation de vos \u00e9quipements. Parce qu\u2019il y a plus dans plusieurs t\u00eates que dans une seule, vous pourrez vous appuyer sur notre r\u00e9seau de collaborateurs pour vous aider dans ces objectifs. Comme nous croyons en une industrie raisonn\u00e9e, nous vous apporterons des solutions pour combiner performance et optimisation des co\u00fbts.<\/p>\n<p>Nos collaborateurs sont notre atout le plus pr\u00e9cieux. Nous avons \u00e0 c\u0153ur d\u2019investir dans leur d\u00e9veloppement, leur bien-\u00eatre et dans la constitution d\u2019un environnement de travail stimulant pour qu\u2019ils puissent s\u2019\u00e9panouir et se sentir valoris\u00e9s.[\/vc_column_text][vc_column_text css=&#8221;.vc_custom_1724007394543{margin-bottom: 50px !important;}&#8221;]<\/p>\n<h2>Nos valeurs<\/h2>\n<p>[\/vc_column_text][stm_company_history][stm_company_history_item title=&#8221;Respect&#8221; description=&#8221;Le respect c\u2019est traiter chacun de la m\u00eame mani\u00e8re quel que soit ses origines ou sa position dans l&#8217;entreprise. Cette valeur ne doit pas s\u2019arr\u00eater aux limites de notre entreprise mais se retrouver lors de nos \u00e9changes avec nos clients, que ce soit dans notre comportement ou le traitement de leurs demandes.&#8221;][stm_company_history_item title=&#8221;Transparence&#8221; description=&#8221;Nous pr\u00f4nons la transparence quel que soit le domaine concern\u00e9 pour cr\u00e9er un climat de confiance.&#8221;][stm_company_history_item title=&#8221;Collaboration&#8221; description=&#8221;Nous avons foi en la combinaison des talents pour r\u00e9pondre au mieux aux besoins de nos clients. Au-del\u00e0 de l\u2019esprit d\u2019\u00e9quipe, nous croyons \u00e0 une dynamique d\u2019\u00e9quipe positive reposant sur le d\u00e9veloppement mutuel des comp\u00e9tences et au partage d\u2019exp\u00e9rience.&#8221;][stm_company_history_item title=&#8221;Performance&#8221; description=&#8221;Nous nous effor\u00e7ons de r\u00e9pondre aux besoins de nos clients de la mani\u00e8re la plus efficace et la plus pertinente possible en termes de temps, de co\u00fbt ou de qualit\u00e9 du service.&#8221;][stm_company_history_item title=&#8221;Transformation&#8221; description=&#8221;Nous avons la volont\u00e9 de toujours nous d\u00e9velopper en restant attentifs aux nouvelles technologies, \u00e0 la culture de l\u2019am\u00e9lioration continue et du d\u00e9veloppement de chacun de nos collaborateurs.&#8221;][\/stm_company_history][vc_text_separator][vc_row_inner][vc_column_inner][\/vc_column_inner][\/vc_row_inner][vc_row_inner][vc_column_inner][\/vc_column_inner][\/vc_row_inner][\/vc_column][\/vc_row][vc_row full_width=&#8221;stretch_row&#8221; el_class=&#8221;third_bg_color&#8221; css=&#8221;.vc_custom_1451889219674{margin-bottom: -60px !important;}&#8221;][vc_column][\/vc_column][\/vc_row]<\/p>\n<\/div>","protected":false},"excerpt":{"rendered":"<p>[vc_row css=&#8221;.vc_custom_1451991003825{margin-top: 30px !important;margin-bottom: 100px !important;}&#8221;][vc_column width=&#8221;3\/4&#8243;][vc_column_text css=&#8221;.vc_custom_1724007323403{margin-bottom: 50px !important;}&#8221;] Notre vision La performance des \u00e9quipements optimalis\u00e9e tant en termes de maintenance que de productivit\u00e9 au travers du d\u00e9veloppement de la compr\u00e9hension des syst\u00e8mes, de la mont\u00e9e en comp\u00e9tence du personnel et des nouvelles technologies.[\/vc_column_text][vc_column_text css=&#8221;.vc_custom_1726419481034{margin-bottom: 50px !important;}&#8221;] Notre mission Nous nous donnons pour mission<\/p>\n","protected":false},"author":1,"featured_media":0,"parent":6932,"menu_order":0,"comment_status":"closed","ping_status":"closed","template":"","meta":{"footnotes":""},"class_list":["post-377","page","type-page","status-publish","hentry"],"_links":{"self":[{"href":"https:\/\/www.i-t-s.be\/index.php\/wp-json\/wp\/v2\/pages\/377","targetHints":{"allow":["GET"]}}],"collection":[{"href":"https:\/\/www.i-t-s.be\/index.php\/wp-json\/wp\/v2\/pages"}],"about":[{"href":"https:\/\/www.i-t-s.be\/index.php\/wp-json\/wp\/v2\/types\/page"}],"author":[{"embeddable":true,"href":"https:\/\/www.i-t-s.be\/index.php\/wp-json\/wp\/v2\/users\/1"}],"replies":[{"embeddable":true,"href":"https:\/\/www.i-t-s.be\/index.php\/wp-json\/wp\/v2\/comments?post=377"}],"version-history":[{"count":11,"href":"https:\/\/www.i-t-s.be\/index.php\/wp-json\/wp\/v2\/pages\/377\/revisions"}],"predecessor-version":[{"id":7970,"href":"https:\/\/www.i-t-s.be\/index.php\/wp-json\/wp\/v2\/pages\/377\/revisions\/7970"}],"up":[{"embeddable":true,"href":"https:\/\/www.i-t-s.be\/index.php\/wp-json\/wp\/v2\/pages\/6932"}],"wp:attachment":[{"href":"https:\/\/www.i-t-s.be\/index.php\/wp-json\/wp\/v2\/media?parent=377"}],"curies":[{"name":"wp","href":"https:\/\/api.w.org\/{rel}","templated":true}]}}