{"id":408,"date":"2016-01-07T09:31:53","date_gmt":"2016-01-07T09:31:53","guid":{"rendered":"http:\/\/consulting.stylemixthemes.com\/demo\/?page_id=408"},"modified":"2024-09-15T21:06:35","modified_gmt":"2024-09-15T19:06:35","slug":"travailler-chez-its","status":"publish","type":"page","link":"https:\/\/www.i-t-s.be\/index.php\/company-overview\/travailler-chez-its\/","title":{"rendered":"Travailler chez ITS"},"content":{"rendered":"<div class=\"wpb-content-wrapper\"><p>[vc_row css=&#8221;.vc_custom_1451991003825{margin-top: 30px !important;margin-bottom: 100px !important;}&#8221;][vc_column width=&#8221;3\/4&#8243;][vc_column_text css=&#8221;.vc_custom_1726420816348{margin-bottom: 52px !important;}&#8221;]<\/p>\n<h2>Votre carri\u00e8re<\/h2>\n<p>Chez Industrial Technical Service (ITS), nous intervenons dans les services techniques industriels, offrant des solutions innovantes et de haute qualit\u00e9. Nous intervenons dans divers secteurs tels que l&#8217;industrie alimentaire, pharmaceutique, manufacturi\u00e8re et de l&#8217;\u00e9nergie.<\/p>\n<p>Notre succ\u00e8s repose sur notre \u00e9quipe de professionnels passionn\u00e9s et qualifi\u00e9s. Nous valorisons l&#8217;innovation, l&#8217;int\u00e9grit\u00e9 et l&#8217;excellence, et investissons dans le d\u00e9veloppement de nos employ\u00e9s avec des formations et des opportunit\u00e9s de carri\u00e8re enrichissantes.<\/p>\n<p>Rejoignez-nous pour travailler sur des projets stimulants et contribuer \u00e0 des solutions techniques d&#8217;avant-garde. Si vous \u00eates motiv\u00e9 par les d\u00e9fis et souhaitez \u00e9voluer dans un environnement collaboratif, ITS est l&#8217;endroit id\u00e9al pour vous.[\/vc_column_text][vc_row_inner css=&#8221;.vc_custom_1453463400247{margin-bottom: 30px !important;}&#8221;][vc_column_inner width=&#8221;1\/2&#8243;][vc_custom_heading text=&#8221;Votre d\u00e9veloppement&#8221; font_container=&#8221;tag:div|font_size:20px|text_align:left|color:%23222222|line_height:28px&#8221; google_fonts=&#8221;font_family:Poppins%3A300%2Cregular%2C500%2C600%2C700|font_style:700%20bold%3A700%3Anormal&#8221; css=&#8221;.vc_custom_1722450765391{margin-bottom: 15px !important;}&#8221;][vc_column_text css=&#8221;&#8221;]Chez ITS, nous pla\u00e7ons la formation au c\u0153ur de notre succ\u00e8s. Nous croyons en l&#8217;apprentissage continu et en l&#8217;innovation pour rester \u00e0 la pointe de l&#8217;excellence technique. Notre approche de d\u00e9veloppement repose sur trois piliers essentiels :<\/p>\n<ol>\n<li><strong>Partage de connaissances<\/strong> : favoriser un environnement collaboratif o\u00f9 experts et nouveaux talents \u00e9changent savoir-faire et comp\u00e9tences.<\/li>\n<li><strong>Formation sp\u00e9cifique<\/strong> : proposer des programmes sur mesure, adapt\u00e9s aux besoins de chaque employ\u00e9 et aux exigences de nos projets.<\/li>\n<li><strong>Utilisation des derni\u00e8res technologies<\/strong> : fournir les outils et technologies les plus r\u00e9cents pour relever les d\u00e9fis techniques avec efficacit\u00e9.<\/li>\n<\/ol>\n<p>Rejoignez-nous et grandissons ensemble !<\/p>\n<p><strong>D\u00e9couvrez nos opportunit\u00e9s de carri\u00e8re.<\/strong>[\/vc_column_text][\/vc_column_inner][vc_column_inner width=&#8221;1\/2&#8243;][vc_single_image image=&#8221;7347&#8243; img_size=&#8221;full&#8221; css=&#8221;&#8221;][\/vc_column_inner][\/vc_row_inner][vc_custom_heading text=&#8221;Postes vacants&#8221; font_container=&#8221;tag:h4|text_align:left|color:%23222222&#8243; use_theme_fonts=&#8221;yes&#8221; css=&#8221;.vc_custom_1722450515688{margin-bottom: 31px !important;}&#8221; el_class=&#8221;no_stripe&#8221;][stm_vacancies][\/vc_column][\/vc_row]<\/p>\n<\/div>","protected":false},"excerpt":{"rendered":"<p>[vc_row css=&#8221;.vc_custom_1451991003825{margin-top: 30px !important;margin-bottom: 100px !important;}&#8221;][vc_column width=&#8221;3\/4&#8243;][vc_column_text css=&#8221;.vc_custom_1726420816348{margin-bottom: 52px !important;}&#8221;] Votre carri\u00e8re Chez Industrial Technical Service (ITS), nous intervenons dans les services techniques industriels, offrant des solutions innovantes et de haute qualit\u00e9. Nous intervenons dans divers secteurs tels que l&#8217;industrie alimentaire, pharmaceutique, manufacturi\u00e8re et de l&#8217;\u00e9nergie. Notre succ\u00e8s repose sur notre \u00e9quipe de professionnels passionn\u00e9s<\/p>\n","protected":false},"author":1,"featured_media":0,"parent":6932,"menu_order":0,"comment_status":"closed","ping_status":"closed","template":"","meta":{"footnotes":""},"class_list":["post-408","page","type-page","status-publish","hentry"],"_links":{"self":[{"href":"https:\/\/www.i-t-s.be\/index.php\/wp-json\/wp\/v2\/pages\/408","targetHints":{"allow":["GET"]}}],"collection":[{"href":"https:\/\/www.i-t-s.be\/index.php\/wp-json\/wp\/v2\/pages"}],"about":[{"href":"https:\/\/www.i-t-s.be\/index.php\/wp-json\/wp\/v2\/types\/page"}],"author":[{"embeddable":true,"href":"https:\/\/www.i-t-s.be\/index.php\/wp-json\/wp\/v2\/users\/1"}],"replies":[{"embeddable":true,"href":"https:\/\/www.i-t-s.be\/index.php\/wp-json\/wp\/v2\/comments?post=408"}],"version-history":[{"count":17,"href":"https:\/\/www.i-t-s.be\/index.php\/wp-json\/wp\/v2\/pages\/408\/revisions"}],"predecessor-version":[{"id":7936,"href":"https:\/\/www.i-t-s.be\/index.php\/wp-json\/wp\/v2\/pages\/408\/revisions\/7936"}],"up":[{"embeddable":true,"href":"https:\/\/www.i-t-s.be\/index.php\/wp-json\/wp\/v2\/pages\/6932"}],"wp:attachment":[{"href":"https:\/\/www.i-t-s.be\/index.php\/wp-json\/wp\/v2\/media?parent=408"}],"curies":[{"name":"wp","href":"https:\/\/api.w.org\/{rel}","templated":true}]}}