{"id":6932,"date":"2015-12-15T07:37:33","date_gmt":"2015-12-15T07:37:33","guid":{"rendered":"http:\/\/consulting.stylemixthemes.com\/demo\/?page_id=9"},"modified":"2024-10-07T21:26:07","modified_gmt":"2024-10-07T19:26:07","slug":"company-overview","status":"publish","type":"page","link":"https:\/\/www.i-t-s.be\/index.php\/company-overview\/","title":{"rendered":"Company overview"},"content":{"rendered":"<div class=\"wpb-content-wrapper\"><p>[vc_row css=&#8221;.vc_custom_1451991003825{margin-top: 30px !important;margin-bottom: 100px !important;}&#8221;][vc_column offset=&#8221;vc_col-lg-9 vc_col-md-9&#8243;][vc_column_text css=&#8221;.vc_custom_1728329042415{margin-top: 40px !important;}&#8221;]<\/p>\n<h3>Notre Entreprise<\/h3>\n<p>Bienvenue chez ITS, une compagnie \u00e0 \u00e9chelle internationale avec une proximit\u00e9 locale.<\/p>\n<p>Avec plus de 25 ans d&#8217;exp\u00e9rience dans divers secteurs industriels, nous avons collabor\u00e9 avec de grandes entreprises renomm\u00e9es telles que Lantm\u00e4nnen Unibake, Godiva, Lotus Bakeries, Andros dans le secteur alimentaire, ainsi que Plasma Industries dans le secteur pharmaceutique. Nous avons \u00e9galement travaill\u00e9 avec des entreprises de services comme Cegelec et Elis.<\/p>\n<p>Notre engagement envers la qualit\u00e9 de service nous a permis de comprendre et de d\u00e9finir pr\u00e9cis\u00e9ment les besoins de nos clients, en proposant des solutions pragmatiques et adapt\u00e9es, tant qualitativement que quantitativement.<\/p>\n<p>Nous avons commenc\u00e9 modestement, afin de maintenir une proximit\u00e9 et une relation privil\u00e9gi\u00e9e avec nos clients.<\/p>\n<p>Notre succ\u00e8s repose sur notre capacit\u00e9 \u00e0 intervenir rapidement, guid\u00e9s par un imp\u00e9ratif de r\u00e9sultats concrets plut\u00f4t que de simples moyens.[\/vc_column_text][vc_column_text css=&#8221;.vc_custom_1726412230232{margin-bottom: 34px !important;}&#8221;]<\/p>\n<blockquote><p>Industrial Technical Servcies continue de cro\u00eetre chaque jour gr\u00e2ce \u00e0 la confiance que nous accordent nos clients. Nous couvrons de nombreux secteurs tels que l&#8217;industrie alimentaire, l&#8217;imprimerie, le Life science, l&#8217;\u00e9nergie, les services techniques aux entreprises, les services apr\u00e8s-vente des fabricants de machines,\u00a0 les conseils en gestion, les conseils en am\u00e9lioration continue, les formations et bien d&#8217;autres encore.<\/p><\/blockquote>\n<p>[\/vc_column_text][\/vc_column][\/vc_row][vc_row full_width=&#8221;stretch_row&#8221; el_class=&#8221;third_bg_color&#8221; css=&#8221;.vc_custom_1451889219674{margin-bottom: -60px !important;}&#8221;][vc_column][vc_cta h2=&#8221;Vous chercher apr\u00e8s un consultant talentueux&#8221; h2_font_container=&#8221;tag:h2|font_size:20px|text_align:left|color:%23000000|line_height:24px&#8221; h2_use_theme_fonts=&#8221;yes&#8221; shape=&#8221;square&#8221; style=&#8221;flat&#8221; add_button=&#8221;right&#8221; btn_title=&#8221;Demander Une Offre&#8221; btn_style=&#8221;flat&#8221; btn_color=&#8221;theme_style_2&#8243; btn_align=&#8221;right&#8221; btn_i_align=&#8221;right&#8221; btn_i_icon_fontawesome=&#8221;stm-quote-rounded&#8221; css=&#8221;.vc_custom_1722446968204{margin-bottom: 0px !important;}&#8221; use_custom_fonts_h2=&#8221;true&#8221; btn_button_block=&#8221;true&#8221; btn_add_icon=&#8221;true&#8221; el_class=&#8221;third_bg_color&#8221; btn_link=&#8221;url:https%3A%2F%2Fwww.i-t-s.be%2Findex.php%2Fcontact-us%2F|title:contact%20us&#8221;][\/vc_cta][\/vc_column][\/vc_row]<\/p>\n<\/div>","protected":false},"excerpt":{"rendered":"<p>[vc_row css=&#8221;.vc_custom_1451991003825{margin-top: 30px !important;margin-bottom: 100px !important;}&#8221;][vc_column offset=&#8221;vc_col-lg-9 vc_col-md-9&#8243;][vc_column_text css=&#8221;.vc_custom_1728329042415{margin-top: 40px !important;}&#8221;] Notre Entreprise Bienvenue chez ITS, une compagnie \u00e0 \u00e9chelle internationale avec une proximit\u00e9 locale. Avec plus de 25 ans d&#8217;exp\u00e9rience dans divers secteurs industriels, nous avons collabor\u00e9 avec de grandes entreprises renomm\u00e9es telles que Lantm\u00e4nnen Unibake, Godiva, Lotus Bakeries, Andros dans le secteur alimentaire,<\/p>\n","protected":false},"author":1,"featured_media":0,"parent":0,"menu_order":0,"comment_status":"closed","ping_status":"closed","template":"","meta":{"footnotes":""},"class_list":["post-6932","page","type-page","status-publish","hentry"],"_links":{"self":[{"href":"https:\/\/www.i-t-s.be\/index.php\/wp-json\/wp\/v2\/pages\/6932","targetHints":{"allow":["GET"]}}],"collection":[{"href":"https:\/\/www.i-t-s.be\/index.php\/wp-json\/wp\/v2\/pages"}],"about":[{"href":"https:\/\/www.i-t-s.be\/index.php\/wp-json\/wp\/v2\/types\/page"}],"author":[{"embeddable":true,"href":"https:\/\/www.i-t-s.be\/index.php\/wp-json\/wp\/v2\/users\/1"}],"replies":[{"embeddable":true,"href":"https:\/\/www.i-t-s.be\/index.php\/wp-json\/wp\/v2\/comments?post=6932"}],"version-history":[{"count":19,"href":"https:\/\/www.i-t-s.be\/index.php\/wp-json\/wp\/v2\/pages\/6932\/revisions"}],"predecessor-version":[{"id":7978,"href":"https:\/\/www.i-t-s.be\/index.php\/wp-json\/wp\/v2\/pages\/6932\/revisions\/7978"}],"wp:attachment":[{"href":"https:\/\/www.i-t-s.be\/index.php\/wp-json\/wp\/v2\/media?parent=6932"}],"curies":[{"name":"wp","href":"https:\/\/api.w.org\/{rel}","templated":true}]}}