{"id":7613,"date":"2016-01-07T04:23:21","date_gmt":"2016-01-07T03:23:21","guid":{"rendered":"https:\/\/www.i-t-s.be\/index.php\/our-mission-our-values\/"},"modified":"2024-09-16T22:10:15","modified_gmt":"2024-09-16T20:10:15","slug":"company-history","status":"publish","type":"page","link":"https:\/\/www.i-t-s.be\/index.php\/company-overview\/company-history\/?lang=en","title":{"rendered":"Notre mission &#8211; Nos valeurs"},"content":{"rendered":"<div class=\"wpb-content-wrapper\"><p>[vc_row css=&#8221;.vc_custom_1451991003825{margin-top: 30px !important;margin-bottom: 100px !important;}&#8221;][vc_column width=&#8221;3\/4&#8243;][vc_column_text css=&#8221;.vc_custom_1724007323403{margin-bottom: 50px !important;}&#8221;]<\/p>\n<h2>Our vision<\/h2>\n<p>Optimized equipment performance, in terms of both maintenance and productivity, through the development of systems understanding, staff skills enhancement and new technologies.[\/vc_column_text][vc_column_text css=&#8221;.vc_custom_1726419481034{margin-bottom: 50px !important;}&#8221;]<\/p>\n<h2>Our mission<\/h2>\n<p>Our mission is to become your privileged partner in the maintenance and optimization of your equipment.<br \/>\nBecause there&#8217;s more in many heads than in one, you can rely on our network of collaborators to help you achieve these goals.<br \/>\nAs we believe in a reasoned industry, we will provide you with solutions to combine performance and cost optimization.<br \/>\nOur people are our most valuable asset.<br \/>\nWe are committed to investing in their development and well-being, and to creating a stimulating working environment in which they can flourish and feel valued.[\/vc_column_text][vc_column_text css=&#8221;.vc_custom_1724007394543{margin-bottom: 50px !important;}&#8221;]<\/p>\n<h2>Our values<\/h2>\n<p>[\/vc_column_text][stm_company_history][stm_company_history_item title=&#8221;Respect&#8221; description=&#8221;Le respect c\u2019est traiter chacun de la m\u00eame mani\u00e8re quel que soit ses origines ou sa position dans l&#8217;entreprise. Cette valeur ne doit pas s\u2019arr\u00eater aux limites de notre entreprise mais se retrouver lors de nos \u00e9changes avec nos clients, que ce soit dans notre comportement ou le traitement de leurs demandes.&#8221;][stm_company_history_item title=&#8221;Transparence&#8221; description=&#8221;Nous pr\u00f4nons la transparence quel que soit le domaine concern\u00e9 pour cr\u00e9er un climat de confiance.&#8221;][stm_company_history_item title=&#8221;Collaboration&#8221; description=&#8221;Nous avons foi en la combinaison des talents pour r\u00e9pondre au mieux aux besoins de nos clients. Au-del\u00e0 de l\u2019esprit d\u2019\u00e9quipe, nous croyons \u00e0 une dynamique d\u2019\u00e9quipe positive reposant sur le d\u00e9veloppement mutuel des comp\u00e9tences et au partage d\u2019exp\u00e9rience.&#8221;][stm_company_history_item title=&#8221;Performance&#8221; description=&#8221;Nous nous effor\u00e7ons de r\u00e9pondre aux besoins de nos clients de la mani\u00e8re la plus efficace et la plus pertinente possible en termes de temps, de co\u00fbt ou de qualit\u00e9 du service.&#8221;][stm_company_history_item title=&#8221;Transformation&#8221; description=&#8221;Nous avons la volont\u00e9 de toujours nous d\u00e9velopper en restant attentifs aux nouvelles technologies, \u00e0 la culture de l\u2019am\u00e9lioration continue et du d\u00e9veloppement de chacun de nos collaborateurs.&#8221;][\/stm_company_history][vc_text_separator][vc_row_inner][vc_column_inner][\/vc_column_inner][\/vc_row_inner][vc_row_inner][vc_column_inner][\/vc_column_inner][\/vc_row_inner][\/vc_column][vc_column width=&#8221;1\/4&#8243;][stm_sidebar sidebar=&#8221;311&#8243;][\/vc_column][\/vc_row][vc_row full_width=&#8221;stretch_row&#8221; el_class=&#8221;third_bg_color&#8221; css=&#8221;.vc_custom_1451889219674{margin-bottom: -60px !important;}&#8221;][vc_column][\/vc_column][\/vc_row]<\/p>\n<\/div>","protected":false},"excerpt":{"rendered":"<p>[vc_row css=&#8221;.vc_custom_1451991003825{margin-top: 30px !important;margin-bottom: 100px !important;}&#8221;][vc_column width=&#8221;3\/4&#8243;][vc_column_text css=&#8221;.vc_custom_1724007323403{margin-bottom: 50px !important;}&#8221;] Our vision Optimized equipment performance, in terms of both maintenance and productivity, through the development of systems understanding, staff skills enhancement and new technologies.[\/vc_column_text][vc_column_text css=&#8221;.vc_custom_1726419481034{margin-bottom: 50px !important;}&#8221;] Our mission Our mission is to become your privileged partner in the maintenance and optimization of your equipment.<\/p>\n","protected":false},"author":1,"featured_media":0,"parent":7702,"menu_order":0,"comment_status":"closed","ping_status":"closed","template":"","meta":{"footnotes":""},"class_list":["post-7613","page","type-page","status-publish","hentry"],"_links":{"self":[{"href":"https:\/\/www.i-t-s.be\/index.php\/wp-json\/wp\/v2\/pages\/7613","targetHints":{"allow":["GET"]}}],"collection":[{"href":"https:\/\/www.i-t-s.be\/index.php\/wp-json\/wp\/v2\/pages"}],"about":[{"href":"https:\/\/www.i-t-s.be\/index.php\/wp-json\/wp\/v2\/types\/page"}],"author":[{"embeddable":true,"href":"https:\/\/www.i-t-s.be\/index.php\/wp-json\/wp\/v2\/users\/1"}],"replies":[{"embeddable":true,"href":"https:\/\/www.i-t-s.be\/index.php\/wp-json\/wp\/v2\/comments?post=7613"}],"version-history":[{"count":10,"href":"https:\/\/www.i-t-s.be\/index.php\/wp-json\/wp\/v2\/pages\/7613\/revisions"}],"predecessor-version":[{"id":7961,"href":"https:\/\/www.i-t-s.be\/index.php\/wp-json\/wp\/v2\/pages\/7613\/revisions\/7961"}],"up":[{"embeddable":true,"href":"https:\/\/www.i-t-s.be\/index.php\/wp-json\/wp\/v2\/pages\/7702"}],"wp:attachment":[{"href":"https:\/\/www.i-t-s.be\/index.php\/wp-json\/wp\/v2\/media?parent=7613"}],"curies":[{"name":"wp","href":"https:\/\/api.w.org\/{rel}","templated":true}]}}